{"id":125,"date":"2025-06-01T22:54:09","date_gmt":"2025-06-02T01:54:09","guid":{"rendered":"https:\/\/bancokebhana.com.br\/?page_id=125"},"modified":"2025-07-07T20:45:17","modified_gmt":"2025-07-07T23:45:17","slug":"internet-banking","status":"publish","type":"page","link":"https:\/\/bancokebhana.com.br\/ko\/internet-banking\/","title":{"rendered":"\uc778\ud130\ub137 \ubc45\ud0b9"},"content":{"rendered":"<div data-elementor-type=\"wp-page\" data-elementor-id=\"125\" class=\"elementor elementor-125\" data-elementor-post-type=\"page\">\n\t\t\t\t<div class=\"elementor-element elementor-element-c7e686e e-flex e-con-boxed e-con e-parent\" data-id=\"c7e686e\" data-element_type=\"container\" data-e-type=\"container\" data-settings=\"{&quot;background_background&quot;:&quot;classic&quot;}\">\n\t\t\t\t\t<div class=\"e-con-inner\">\n\t\t\t\t<div class=\"elementor-element elementor-element-8069960 elementor-widget elementor-widget-heading\" data-id=\"8069960\" data-element_type=\"widget\" data-e-type=\"widget\" data-widget_type=\"heading.default\">\n\t\t\t\t<div class=\"elementor-widget-container\">\n\t\t\t\t\t<h2 class=\"elementor-heading-title elementor-size-default\">\ube0c\ub77c\uc9c8 \ud558\ub098 \uc778\ud130\ub137 \ubc45\ud0b9\n<\/h2>\t\t\t\t<\/div>\n\t\t\t\t<\/div>\n\t\t\t\t<div class=\"elementor-element elementor-element-817d63b elementor-widget elementor-widget-text-editor\" data-id=\"817d63b\" data-element_type=\"widget\" data-e-type=\"widget\" data-widget_type=\"text-editor.default\">\n\t\t\t\t<div class=\"elementor-widget-container\">\n\t\t\t\t\t\t\t\t\t<p><strong>\uc5b8\uc81c \uc5b4\ub514\uc11c\ub4e0 \uc27d\uace0 \ube60\ub978 \uae08\uc735 \uac70\ub798<\/strong><\/p>\t\t\t\t\t\t\t\t<\/div>\n\t\t\t\t<\/div>\n\t\t\t\t\t<\/div>\n\t\t\t\t<\/div>\n\t\t<div class=\"elementor-element elementor-element-dbf6dbf e-flex e-con-boxed e-con e-parent\" data-id=\"dbf6dbf\" data-element_type=\"container\" data-e-type=\"container\" data-settings=\"{&quot;background_background&quot;:&quot;classic&quot;}\">\n\t\t\t\t\t<div class=\"e-con-inner\">\n\t\t<div class=\"elementor-element elementor-element-a5cbe3b e-con-full e-flex e-con e-child\" data-id=\"a5cbe3b\" data-element_type=\"container\" data-e-type=\"container\">\n\t\t\t\t<div class=\"elementor-element elementor-element-6c7d653 elementor-widget elementor-widget-text-editor\" data-id=\"6c7d653\" data-element_type=\"widget\" data-e-type=\"widget\" data-widget_type=\"text-editor.default\">\n\t\t\t\t<div class=\"elementor-widget-container\">\n\t\t\t\t\t\t\t\t\t<p>\ub514\uc9c0\ud138 \uc2dc\ub300\ub294 \uc6b0\ub9ac\uac00 \uc740\ud589\uc744 \uc774\uc6a9\ud558\ub294 \ubc29\uc2dd\uc744 \ubc14\uafb8\uc5b4 \ub193\uc558\uace0, \ub9ce\uc740 \uc0ac\ub78c\ub4e4\uc5d0\uac8c \uc788\uc5b4 \uae34 \uc904\uc744 \uc11c\ub294 \uc77c\uc740 \uacfc\uac70\uc758 \uc77c\uc774 \ub418\uc5c8\uc2b5\ub2c8\ub2e4. \n\uc778\ud130\ub137 \ubc45\ud0b9\uacfc \ubaa8\ubc14\uc77c \uc571\uc758 \ud3b8\ub9ac\ud568\uc740 \uc774\ubbf8 \uace0\uac1d\ub4e4\uc758 \ud070 \ud638\uc751\uc744 \uc5bb\uace0 \uc788\uc73c\uba70, \ube0c\ub77c\uc9c8\uc740\ud589\uc5f0\ub9f9(Febraban)\uc5d0 \ub530\ub974\uba74 \ubaa8\ubc14\uc77c\uc744 \ud1b5\ud55c \uac70\ub798\uac00 \ub300\uba74 \uac70\ub798\ubcf4\ub2e4 \ub354 \uc77c\ubc18\ud654\ub418\uc5c8\uc2b5\ub2c8\ub2e4.<\/p>\t\t\t\t\t\t\t\t<\/div>\n\t\t\t\t<\/div>\n\t\t\t\t<\/div>\n\t\t<div class=\"elementor-element elementor-element-cc92842 e-con-full e-flex e-con e-child\" data-id=\"cc92842\" data-element_type=\"container\" data-e-type=\"container\">\n\t\t\t\t<div class=\"elementor-element elementor-element-ae03393 elementor-widget elementor-widget-text-editor\" data-id=\"ae03393\" data-element_type=\"widget\" data-e-type=\"widget\" data-widget_type=\"text-editor.default\">\n\t\t\t\t<div class=\"elementor-widget-container\">\n\t\t\t\t\t\t\t\t\t<p>\ube0c\ub77c\uc9c8\ud558\ub098\uc740\ud589\uc758 \uc6f9 \ubc0f \ubaa8\ubc14\uc77c \ud50c\ub7ab\ud3fc\uc5d0\uc11c\ub294\n\ud544\uc694\ud55c \ubaa8\ub4e0 \uae30\ub2a5\uc744 \ucef4\ud4e8\ud130\uc640 \uc2a4\ub9c8\ud2b8\ud3f0\uc5d0\uc11c \uc0ac\uc6a9\ud560 \uc218 \uc788\uc73c\uba70, IOS(\uc560\ud50c, \uc544\uc774\ud3f0)\uc640 \uc548\ub4dc\ub85c\uc774\ub4dc \ubc84\uc804\uc73c\ub85c \uc81c\uacf5\ub429\ub2c8\ub2e4.\n\uac04\ub2e8\ud558\uace0 \uba85\ud655\ud558\uba70 \uc9c1\uad00\uc801\uc778 \uc0ac\uc6a9 \ud658\uacbd\uc744 \uac16\ucd94\uace0 \uc788\uc5b4, \uace0\uac1d\uc774 \uc5b4\ub514\uc5d0 \uc788\ub4e0 \uc27d\uace0 \ube60\ub974\uac8c \uae08\uc735 \uac70\ub798\ub97c \uc218\ud589\ud560 \uc218 \uc788\uc2b5\ub2c8\ub2e4.<\/p>\t\t\t\t\t\t\t\t<\/div>\n\t\t\t\t<\/div>\n\t\t\t\t<\/div>\n\t\t<div class=\"elementor-element elementor-element-6799c73 e-con-full e-flex e-con e-child\" data-id=\"6799c73\" data-element_type=\"container\" data-e-type=\"container\">\n\t\t\t\t<div class=\"elementor-element elementor-element-87e87a8 elementor-widget elementor-widget-text-editor\" data-id=\"87e87a8\" data-element_type=\"widget\" data-e-type=\"widget\" data-widget_type=\"text-editor.default\">\n\t\t\t\t<div class=\"elementor-widget-container\">\n\t\t\t\t\t\t\t\t\t<p>\ube0c\ub77c\uc9c8\ud558\ub098\uc740\ud589\uc740 \uace0\uac1d\uc5d0\uac8c \ubcf4\uc548\uc131\uacfc \ud3b8\uc758\uc131\uc744 \uc81c\uacf5\ud558\uae30 \uc704\ud574 \ub514\uc9c0\ud138 \ud50c\ub7ab\ud3fc\uc744 \ud3ec\ud568\ud558\uc5ec \ucca8\ub2e8 \uae30\uc220\uc5d0 \uc804\uc801\uc73c\ub85c \ud22c\uc790\ud558\uace0 \uc788\uc2b5\ub2c8\ub2e4.\n\ubaa8\ub4e0 \uac70\ub798\ub294 \ube44\ubc00\ubc88\ud638 \uc678\uc5d0\ub3c4 \ub2e4\uc591\ud55c \ubcf4\uc548 \ud504\ub85c\ud1a0\ucf5c\uacfc \uc554\ud638\ud654\ub41c \ub370\uc774\ud130\ub97c \ud1b5\ud574 \uc778\uc99d\ub429\ub2c8\ub2e4.\n\ub610\ud55c \ube0c\ub77c\uc9c8\ud558\ub098\uc740\ud589\uc740 \ud50c\ub7ab\ud3fc\uc744 \uc9c0\uc18d\uc801\uc73c\ub85c \uac1c\uc120\ud558\uae30 \uc704\ud574 \ud56d\uc0c1 \ub178\ub825\ud558\uace0 \uc788\uc2b5\ub2c8\ub2e4.<\/p>\t\t\t\t\t\t\t\t<\/div>\n\t\t\t\t<\/div>\n\t\t\t\t<\/div>\n\t\t\t\t\t<\/div>\n\t\t\t\t<\/div>\n\t\t<div class=\"elementor-element elementor-element-d395aff e-flex e-con-boxed e-con e-parent\" data-id=\"d395aff\" data-element_type=\"container\" data-e-type=\"container\" data-settings=\"{&quot;background_background&quot;:&quot;classic&quot;}\">\n\t\t\t\t\t<div class=\"e-con-inner\">\n\t\t\t\t<div class=\"elementor-element elementor-element-4c9c6a5 elementor-widget elementor-widget-heading\" data-id=\"4c9c6a5\" data-element_type=\"widget\" data-e-type=\"widget\" data-widget_type=\"heading.default\">\n\t\t\t\t<div class=\"elementor-widget-container\">\n\t\t\t\t\t<h2 class=\"elementor-heading-title elementor-size-default\">\ud074\ub9ad \ud55c \ubc88\uc73c\ub85c \ub9cc\ub098\ub294 \ub2f9\uc2e0\uc758 \uc740\ud589<\/h2>\t\t\t\t<\/div>\n\t\t\t\t<\/div>\n\t\t\t\t<div class=\"elementor-element elementor-element-f8b1eb7 elementor-widget elementor-widget-spacer\" data-id=\"f8b1eb7\" data-element_type=\"widget\" data-e-type=\"widget\" data-widget_type=\"spacer.default\">\n\t\t\t\t<div class=\"elementor-widget-container\">\n\t\t\t\t\t\t\t<div class=\"elementor-spacer\">\n\t\t\t<div class=\"elementor-spacer-inner\"><\/div>\n\t\t<\/div>\n\t\t\t\t\t\t<\/div>\n\t\t\t\t<\/div>\n\t\t\t\t<div class=\"elementor-element elementor-element-5976db3 elementor-align-center elementor-widget elementor-widget-button\" data-id=\"5976db3\" data-element_type=\"widget\" data-e-type=\"widget\" data-widget_type=\"button.default\">\n\t\t\t\t<div class=\"elementor-widget-container\">\n\t\t\t\t\t\t\t\t\t<div class=\"elementor-button-wrapper\">\n\t\t\t\t\t<a class=\"elementor-button elementor-button-link elementor-size-sm\" href=\"https:\/\/www.kebhana.com.br\/\">\n\t\t\t\t\t\t<span class=\"elementor-button-content-wrapper\">\n\t\t\t\t\t\t\t\t\t<span class=\"elementor-button-text\">\uacc4\uc88c\uc870\ud68c<\/span>\n\t\t\t\t\t<\/span>\n\t\t\t\t\t<\/a>\n\t\t\t\t<\/div>\n\t\t\t\t\t\t\t\t<\/div>\n\t\t\t\t<\/div>\n\t\t\t\t\t<\/div>\n\t\t\t\t<\/div>\n\t\t<div class=\"elementor-element elementor-element-7ad66de e-flex e-con-boxed e-con e-parent\" data-id=\"7ad66de\" data-element_type=\"container\" data-e-type=\"container\" data-settings=\"{&quot;background_background&quot;:&quot;classic&quot;}\">\n\t\t\t\t\t<div class=\"e-con-inner\">\n\t\t\t\t<div class=\"elementor-element elementor-element-3b8052b elementor-widget elementor-widget-image\" data-id=\"3b8052b\" data-element_type=\"widget\" data-e-type=\"widget\" data-widget_type=\"image.default\">\n\t\t\t\t<div class=\"elementor-widget-container\">\n\t\t\t\t\t\t\t\t\t\t\t\t\t\t\t<img fetchpriority=\"high\" decoding=\"async\" width=\"800\" height=\"764\" src=\"https:\/\/bancokebhana.com.br\/wp-content\/uploads\/2025\/06\/ib_mobile1.png\" class=\"attachment-large size-large wp-image-613\" alt=\"\" srcset=\"https:\/\/bancokebhana.com.br\/wp-content\/uploads\/2025\/06\/ib_mobile1.png 804w, https:\/\/bancokebhana.com.br\/wp-content\/uploads\/2025\/06\/ib_mobile1-300x287.png 300w, https:\/\/bancokebhana.com.br\/wp-content\/uploads\/2025\/06\/ib_mobile1-768x734.png 768w, https:\/\/bancokebhana.com.br\/wp-content\/uploads\/2025\/06\/ib_mobile1-13x12.png 13w\" sizes=\"(max-width: 800px) 100vw, 800px\" \/>\t\t\t\t\t\t\t\t\t\t\t\t\t\t\t<\/div>\n\t\t\t\t<\/div>\n\t\t\t\t\t<\/div>\n\t\t\t\t<\/div>\n\t\t<div class=\"elementor-element elementor-element-9bb721f e-flex e-con-boxed e-con e-parent\" data-id=\"9bb721f\" data-element_type=\"container\" data-e-type=\"container\" data-settings=\"{&quot;background_background&quot;:&quot;classic&quot;}\">\n\t\t\t\t\t<div class=\"e-con-inner\">\n\t\t<div class=\"elementor-element elementor-element-d57747f e-con-full e-flex e-con e-child\" data-id=\"d57747f\" data-element_type=\"container\" data-e-type=\"container\">\n\t\t\t\t<div class=\"elementor-element elementor-element-7c33614 elementor-widget elementor-widget-heading\" data-id=\"7c33614\" data-element_type=\"widget\" data-e-type=\"widget\" data-widget_type=\"heading.default\">\n\t\t\t\t<div class=\"elementor-widget-container\">\n\t\t\t\t\t<h2 class=\"elementor-heading-title elementor-size-default\">\ub354 \uc27d\uace0 \ub354 \uc548\uc804\ud55c \ub2f9\uc2e0\uc758 \uc0b6<\/h2>\t\t\t\t<\/div>\n\t\t\t\t<\/div>\n\t\t\t\t<div class=\"elementor-element elementor-element-b322476 elementor-widget elementor-widget-spacer\" data-id=\"b322476\" data-element_type=\"widget\" data-e-type=\"widget\" data-widget_type=\"spacer.default\">\n\t\t\t\t<div class=\"elementor-widget-container\">\n\t\t\t\t\t\t\t<div class=\"elementor-spacer\">\n\t\t\t<div class=\"elementor-spacer-inner\"><\/div>\n\t\t<\/div>\n\t\t\t\t\t\t<\/div>\n\t\t\t\t<\/div>\n\t\t\t\t<div class=\"elementor-element elementor-element-e114a62 elementor-widget elementor-widget-icon-box\" data-id=\"e114a62\" data-element_type=\"widget\" data-e-type=\"widget\" data-widget_type=\"icon-box.default\">\n\t\t\t\t<div class=\"elementor-widget-container\">\n\t\t\t\t\t\t\t<div class=\"elementor-icon-box-wrapper\">\n\n\t\t\t\n\t\t\t\t\t\t<div class=\"elementor-icon-box-content\">\n\n\t\t\t\t\t\t\t\t\t<h3 class=\"elementor-icon-box-title\">\n\t\t\t\t\t\t<span  >\n\t\t\t\t\t\t\t\uccad\uad6c\uc11c \ubc0f \uace0\uc9c0\uc11c \ub0a9\ubd80\t\t\t\t\t\t<\/span>\n\t\t\t\t\t<\/h3>\n\t\t\t\t\n\t\t\t\t\t\t\t\t\t<p class=\"elementor-icon-box-description\">\n\t\t\t\t\t\t\uc6d0\ud558\ub294 \uc7a5\uc18c\uc5d0\uc11c, \uc6d0\ud558\ub294 \ubc29\uc2dd\uc73c\ub85c \uc2e4\uc6a9\uc801\uc774\uace0 \uc548\uc804\ud558\uac8c \uacb0\uc81c\ud558\uc138\uc694.\t\t\t\t\t<\/p>\n\t\t\t\t\n\t\t\t<\/div>\n\t\t\t\n\t\t<\/div>\n\t\t\t\t\t\t<\/div>\n\t\t\t\t<\/div>\n\t\t\t\t<div class=\"elementor-element elementor-element-208af02 elementor-widget elementor-widget-spacer\" data-id=\"208af02\" data-element_type=\"widget\" data-e-type=\"widget\" data-widget_type=\"spacer.default\">\n\t\t\t\t<div class=\"elementor-widget-container\">\n\t\t\t\t\t\t\t<div class=\"elementor-spacer\">\n\t\t\t<div class=\"elementor-spacer-inner\"><\/div>\n\t\t<\/div>\n\t\t\t\t\t\t<\/div>\n\t\t\t\t<\/div>\n\t\t\t\t<div class=\"elementor-element elementor-element-3f0b757 elementor-widget elementor-widget-icon-box\" data-id=\"3f0b757\" data-element_type=\"widget\" data-e-type=\"widget\" data-widget_type=\"icon-box.default\">\n\t\t\t\t<div class=\"elementor-widget-container\">\n\t\t\t\t\t\t\t<div class=\"elementor-icon-box-wrapper\">\n\n\t\t\t\n\t\t\t\t\t\t<div class=\"elementor-icon-box-content\">\n\n\t\t\t\t\t\t\t\t\t<h3 class=\"elementor-icon-box-title\">\n\t\t\t\t\t\t<span  >\n\t\t\t\t\t\t\tTED \ubc0f \uae30\ud0c0 \uc774\uccb4\t\t\t\t\t\t<\/span>\n\t\t\t\t\t<\/h3>\n\t\t\t\t\n\t\t\t\t\t\t\t\t\t<p class=\"elementor-icon-box-description\">\n\t\t\t\t\t\t\uace0\uac1d\ub2d8\uc758 \uc190 \uc548\uc5d0 \uc788\ub294 \uc740\ud589\uc744 \ud1b5\ud574 \uae08\uc735 \uac70\ub798\uac00 \ub2f9\uc2e0\uc758 \ub77c\uc774\ud504\uc2a4\ud0c0\uc77c\uacfc \uc644\ubcbd\ud558\uac8c \uc5f0\uacb0\ub420 \uc218 \uc788\ub3c4\ub85d \ud558\uc138\uc694.\t\t\t\t\t<\/p>\n\t\t\t\t\n\t\t\t<\/div>\n\t\t\t\n\t\t<\/div>\n\t\t\t\t\t\t<\/div>\n\t\t\t\t<\/div>\n\t\t\t\t<div class=\"elementor-element elementor-element-e6c7835 elementor-widget elementor-widget-spacer\" data-id=\"e6c7835\" data-element_type=\"widget\" data-e-type=\"widget\" data-widget_type=\"spacer.default\">\n\t\t\t\t<div class=\"elementor-widget-container\">\n\t\t\t\t\t\t\t<div class=\"elementor-spacer\">\n\t\t\t<div class=\"elementor-spacer-inner\"><\/div>\n\t\t<\/div>\n\t\t\t\t\t\t<\/div>\n\t\t\t\t<\/div>\n\t\t\t\t<div class=\"elementor-element elementor-element-bab430b elementor-widget elementor-widget-icon-box\" data-id=\"bab430b\" data-element_type=\"widget\" data-e-type=\"widget\" data-widget_type=\"icon-box.default\">\n\t\t\t\t<div class=\"elementor-widget-container\">\n\t\t\t\t\t\t\t<div class=\"elementor-icon-box-wrapper\">\n\n\t\t\t\n\t\t\t\t\t\t<div class=\"elementor-icon-box-content\">\n\n\t\t\t\t\t\t\t\t\t<h3 class=\"elementor-icon-box-title\">\n\t\t\t\t\t\t<span  >\n\t\t\t\t\t\t\t\uc794\uc561 \ubc0f \uba85\uc138\uc11c \uc870\ud68c\t\t\t\t\t\t<\/span>\n\t\t\t\t\t<\/h3>\n\t\t\t\t\n\t\t\t\t\t\t\t\t\t<p class=\"elementor-icon-box-description\">\n\t\t\t\t\t\t\uc77c\uc0c1\uc744 \uc9c0\uccb4\ud558\uc9c0 \ub9c8\uc138\uc694. \uc5b4\ub514\uc11c\ub4e0 \uc6d0\ud558\ub294 \uacf3\uc5d0\uc11c \uc794\uc561\uacfc \uba85\uc138\uc11c\ub97c \uac04\ud3b8\ud558\uace0 \uc548\uc804\ud558\uac8c \ud655\uc778\ud558\uc138\uc694.\t\t\t\t\t<\/p>\n\t\t\t\t\n\t\t\t<\/div>\n\t\t\t\n\t\t<\/div>\n\t\t\t\t\t\t<\/div>\n\t\t\t\t<\/div>\n\t\t\t\t<div class=\"elementor-element elementor-element-cbee635 elementor-widget elementor-widget-spacer\" data-id=\"cbee635\" data-element_type=\"widget\" data-e-type=\"widget\" data-widget_type=\"spacer.default\">\n\t\t\t\t<div class=\"elementor-widget-container\">\n\t\t\t\t\t\t\t<div class=\"elementor-spacer\">\n\t\t\t<div class=\"elementor-spacer-inner\"><\/div>\n\t\t<\/div>\n\t\t\t\t\t\t<\/div>\n\t\t\t\t<\/div>\n\t\t\t\t<div class=\"elementor-element elementor-element-12ddb20 elementor-position-left elementor-vertical-align-middle elementor-widget elementor-widget-image-box\" data-id=\"12ddb20\" data-element_type=\"widget\" data-e-type=\"widget\" data-widget_type=\"image-box.default\">\n\t\t\t\t<div class=\"elementor-widget-container\">\n\t\t\t\t\t<div class=\"elementor-image-box-wrapper\"><figure class=\"elementor-image-box-img\"><a href=\"https:\/\/bancokebhana.com.br\/wp-content\/uploads\/2025\/07\/MOBILE-CAMBIO_1.9.mp4\" target=\"_blank\" tabindex=\"-1\"><img decoding=\"async\" width=\"800\" height=\"796\" src=\"https:\/\/bancokebhana.com.br\/wp-content\/uploads\/2025\/07\/PLAY2.png\" class=\"attachment-full size-full wp-image-1154\" alt=\"\" srcset=\"https:\/\/bancokebhana.com.br\/wp-content\/uploads\/2025\/07\/PLAY2.png 800w, https:\/\/bancokebhana.com.br\/wp-content\/uploads\/2025\/07\/PLAY2-300x300.png 300w, https:\/\/bancokebhana.com.br\/wp-content\/uploads\/2025\/07\/PLAY2-150x150.png 150w, https:\/\/bancokebhana.com.br\/wp-content\/uploads\/2025\/07\/PLAY2-768x764.png 768w, https:\/\/bancokebhana.com.br\/wp-content\/uploads\/2025\/07\/PLAY2-12x12.png 12w\" sizes=\"(max-width: 800px) 100vw, 800px\" \/><\/a><\/figure><div class=\"elementor-image-box-content\"><h3 class=\"elementor-image-box-title\"><a href=\"https:\/\/bancokebhana.com.br\/wp-content\/uploads\/2025\/07\/MOBILE-CAMBIO_1.9.mp4\" target=\"_blank\">\ud574\uc678 \uc1a1\uae08<\/a><\/h3><p class=\"elementor-image-box-description\">\uc804 \uc138\uacc4 \uc5b4\ub514\ub4e0\uc9c0 \uc1a1\uae08\ud558\uc138\uc694.<\/p><\/div><\/div>\t\t\t\t<\/div>\n\t\t\t\t<\/div>\n\t\t\t\t<\/div>\n\t\t<div class=\"elementor-element elementor-element-35fda46 e-con-full e-flex e-con e-child\" data-id=\"35fda46\" data-element_type=\"container\" data-e-type=\"container\">\n\t\t\t\t<\/div>\n\t\t\t\t\t<\/div>\n\t\t\t\t<\/div>\n\t\t<div class=\"elementor-element elementor-element-1debf43 e-flex e-con-boxed e-con e-parent\" data-id=\"1debf43\" data-element_type=\"container\" data-e-type=\"container\" data-settings=\"{&quot;background_background&quot;:&quot;classic&quot;}\">\n\t\t\t\t\t<div class=\"e-con-inner\">\n\t\t\t\t<div class=\"elementor-element elementor-element-b78f5e8 elementor-widget elementor-widget-heading\" data-id=\"b78f5e8\" data-element_type=\"widget\" data-e-type=\"widget\" data-widget_type=\"heading.default\">\n\t\t\t\t<div class=\"elementor-widget-container\">\n\t\t\t\t\t<h2 class=\"elementor-heading-title elementor-size-default\">\uc9c0\uae08 \uc571\uc744 \ub2e4\uc6b4\ub85c\ub4dc\ud558\uc138\uc694!<\/h2>\t\t\t\t<\/div>\n\t\t\t\t<\/div>\n\t\t\t\t\t<\/div>\n\t\t\t\t<\/div>\n\t\t<div class=\"elementor-element elementor-element-622367c e-flex e-con-boxed e-con e-parent\" data-id=\"622367c\" data-element_type=\"container\" data-e-type=\"container\" data-settings=\"{&quot;background_background&quot;:&quot;classic&quot;}\">\n\t\t\t\t\t<div class=\"e-con-inner\">\n\t\t<div class=\"elementor-element elementor-element-f573775 e-con-full e-flex e-con e-child\" data-id=\"f573775\" data-element_type=\"container\" data-e-type=\"container\">\n\t\t\t\t<div class=\"elementor-element elementor-element-44f62a0 elementor-widget elementor-widget-heading\" data-id=\"44f62a0\" data-element_type=\"widget\" data-e-type=\"widget\" data-widget_type=\"heading.default\">\n\t\t\t\t<div class=\"elementor-widget-container\">\n\t\t\t\t\t<h2 class=\"elementor-heading-title elementor-size-default\">\uac1c\uc778\uace0\uac1d<\/h2>\t\t\t\t<\/div>\n\t\t\t\t<\/div>\n\t\t<div class=\"elementor-element elementor-element-c6af8ba e-grid e-con-full e-con e-child\" data-id=\"c6af8ba\" data-element_type=\"container\" data-e-type=\"container\">\n\t\t\t\t<div class=\"elementor-element elementor-element-1a6648e elementor-widget elementor-widget-image\" data-id=\"1a6648e\" data-element_type=\"widget\" data-e-type=\"widget\" data-widget_type=\"image.default\">\n\t\t\t\t<div class=\"elementor-widget-container\">\n\t\t\t\t\t\t\t\t\t\t\t\t\t\t\t\t<a href=\"https:\/\/play.google.com\/store\/apps\/details?id=com.totvs.ib.mobile.keb.pf\">\n\t\t\t\t\t\t\t<img decoding=\"async\" width=\"280\" height=\"104\" src=\"https:\/\/bancokebhana.com.br\/wp-content\/uploads\/2025\/06\/android.png\" class=\"attachment-full size-full wp-image-636\" alt=\"\" srcset=\"https:\/\/bancokebhana.com.br\/wp-content\/uploads\/2025\/06\/android.png 280w, https:\/\/bancokebhana.com.br\/wp-content\/uploads\/2025\/06\/android-18x7.png 18w\" sizes=\"(max-width: 280px) 100vw, 280px\" \/>\t\t\t\t\t\t\t\t<\/a>\n\t\t\t\t\t\t\t\t\t\t\t\t\t\t\t<\/div>\n\t\t\t\t<\/div>\n\t\t\t\t<div class=\"elementor-element elementor-element-d38b6a5 elementor-widget elementor-widget-image\" data-id=\"d38b6a5\" data-element_type=\"widget\" data-e-type=\"widget\" data-widget_type=\"image.default\">\n\t\t\t\t<div class=\"elementor-widget-container\">\n\t\t\t\t\t\t\t\t\t\t\t\t\t\t\t\t<a href=\"https:\/\/apps.apple.com\/br\/app\/banco-keb-hana\/id1478135113\">\n\t\t\t\t\t\t\t<img loading=\"lazy\" decoding=\"async\" width=\"280\" height=\"104\" src=\"https:\/\/bancokebhana.com.br\/wp-content\/uploads\/2025\/06\/ios.png\" class=\"attachment-full size-full wp-image-637\" alt=\"\" srcset=\"https:\/\/bancokebhana.com.br\/wp-content\/uploads\/2025\/06\/ios.png 280w, https:\/\/bancokebhana.com.br\/wp-content\/uploads\/2025\/06\/ios-18x7.png 18w\" sizes=\"(max-width: 280px) 100vw, 280px\" \/>\t\t\t\t\t\t\t\t<\/a>\n\t\t\t\t\t\t\t\t\t\t\t\t\t\t\t<\/div>\n\t\t\t\t<\/div>\n\t\t\t\t<\/div>\n\t\t\t\t<\/div>\n\t\t<div class=\"elementor-element elementor-element-1dddb48 e-con-full e-flex e-con e-child\" data-id=\"1dddb48\" data-element_type=\"container\" data-e-type=\"container\">\n\t\t\t\t<\/div>\n\t\t<div class=\"elementor-element elementor-element-82aa5ef e-con-full e-flex e-con e-child\" data-id=\"82aa5ef\" data-element_type=\"container\" data-e-type=\"container\">\n\t\t\t\t<div class=\"elementor-element elementor-element-b4bd7f8 elementor-widget elementor-widget-heading\" data-id=\"b4bd7f8\" data-element_type=\"widget\" data-e-type=\"widget\" data-widget_type=\"heading.default\">\n\t\t\t\t<div class=\"elementor-widget-container\">\n\t\t\t\t\t<h2 class=\"elementor-heading-title elementor-size-default\">\uae30\uc5c5\ubc45\ud0b9<\/h2>\t\t\t\t<\/div>\n\t\t\t\t<\/div>\n\t\t<div class=\"elementor-element elementor-element-b4594ac e-grid e-con-full e-con e-child\" data-id=\"b4594ac\" data-element_type=\"container\" data-e-type=\"container\">\n\t\t\t\t<div class=\"elementor-element elementor-element-3b4c237 elementor-widget elementor-widget-image\" data-id=\"3b4c237\" data-element_type=\"widget\" data-e-type=\"widget\" data-widget_type=\"image.default\">\n\t\t\t\t<div class=\"elementor-widget-container\">\n\t\t\t\t\t\t\t\t\t\t\t\t\t\t\t\t<a href=\"https:\/\/play.google.com\/store\/apps\/details?id=com.totvs.ib.mobile.keb.pj\">\n\t\t\t\t\t\t\t<img decoding=\"async\" width=\"280\" height=\"104\" src=\"https:\/\/bancokebhana.com.br\/wp-content\/uploads\/2025\/06\/android.png\" class=\"attachment-full size-full wp-image-636\" alt=\"\" srcset=\"https:\/\/bancokebhana.com.br\/wp-content\/uploads\/2025\/06\/android.png 280w, https:\/\/bancokebhana.com.br\/wp-content\/uploads\/2025\/06\/android-18x7.png 18w\" sizes=\"(max-width: 280px) 100vw, 280px\" \/>\t\t\t\t\t\t\t\t<\/a>\n\t\t\t\t\t\t\t\t\t\t\t\t\t\t\t<\/div>\n\t\t\t\t<\/div>\n\t\t\t\t<div class=\"elementor-element elementor-element-f092073 elementor-widget elementor-widget-image\" data-id=\"f092073\" data-element_type=\"widget\" data-e-type=\"widget\" data-widget_type=\"image.default\">\n\t\t\t\t<div class=\"elementor-widget-container\">\n\t\t\t\t\t\t\t\t\t\t\t\t\t\t\t\t<a href=\"https:\/\/apps.apple.com\/br\/app\/banco-keb-hana-empresas\/id1478135989\">\n\t\t\t\t\t\t\t<img loading=\"lazy\" decoding=\"async\" width=\"280\" height=\"104\" src=\"https:\/\/bancokebhana.com.br\/wp-content\/uploads\/2025\/06\/ios.png\" class=\"attachment-full size-full wp-image-637\" alt=\"\" srcset=\"https:\/\/bancokebhana.com.br\/wp-content\/uploads\/2025\/06\/ios.png 280w, https:\/\/bancokebhana.com.br\/wp-content\/uploads\/2025\/06\/ios-18x7.png 18w\" sizes=\"(max-width: 280px) 100vw, 280px\" \/>\t\t\t\t\t\t\t\t<\/a>\n\t\t\t\t\t\t\t\t\t\t\t\t\t\t\t<\/div>\n\t\t\t\t<\/div>\n\t\t\t\t<\/div>\n\t\t\t\t<\/div>\n\t\t<div class=\"elementor-element elementor-element-15524a5 e-con-full e-flex e-con e-child\" data-id=\"15524a5\" data-element_type=\"container\" data-e-type=\"container\">\n\t\t\t\t<div class=\"elementor-element elementor-element-4a3752a elementor-widget elementor-widget-image\" data-id=\"4a3752a\" data-element_type=\"widget\" data-e-type=\"widget\" data-widget_type=\"image.default\">\n\t\t\t\t<div class=\"elementor-widget-container\">\n\t\t\t\t\t\t\t\t\t\t\t\t\t\t\t<img loading=\"lazy\" decoding=\"async\" width=\"1519\" height=\"594\" src=\"https:\/\/bancokebhana.com.br\/wp-content\/uploads\/2025\/06\/IB_mobile2.jpg\" class=\"attachment-full size-full wp-image-635\" alt=\"\" srcset=\"https:\/\/bancokebhana.com.br\/wp-content\/uploads\/2025\/06\/IB_mobile2.jpg 1519w, https:\/\/bancokebhana.com.br\/wp-content\/uploads\/2025\/06\/IB_mobile2-300x117.jpg 300w, https:\/\/bancokebhana.com.br\/wp-content\/uploads\/2025\/06\/IB_mobile2-1024x400.jpg 1024w, https:\/\/bancokebhana.com.br\/wp-content\/uploads\/2025\/06\/IB_mobile2-768x300.jpg 768w, https:\/\/bancokebhana.com.br\/wp-content\/uploads\/2025\/06\/IB_mobile2-18x7.jpg 18w\" sizes=\"(max-width: 1519px) 100vw, 1519px\" \/>\t\t\t\t\t\t\t\t\t\t\t\t\t\t\t<\/div>\n\t\t\t\t<\/div>\n\t\t\t\t<\/div>\n\t\t\t\t\t<\/div>\n\t\t\t\t<\/div>\n\t\t\t\t<\/div>","protected":false},"excerpt":{"rendered":"<p>Internet Banking KEB Hana Fazendo com que suas opera\u00e7\u00f5es possam ser executadas de forma f\u00e1cil e r\u00e1pida, onde voc\u00ea estiver A vida digital mudou a maneira de como usamos o banco, e deixou as longas filas, para muita gente, em um passado distante. As facilidades do internet banking e dos aplicativos j\u00e1 ca\u00edram no gosto [&hellip;]<\/p>\n","protected":false},"author":1,"featured_media":0,"parent":0,"menu_order":0,"comment_status":"closed","ping_status":"closed","template":"elementor_header_footer","meta":{"footnotes":""},"class_list":["post-125","page","type-page","status-publish","hentry"],"_links":{"self":[{"href":"https:\/\/bancokebhana.com.br\/ko\/wp-json\/wp\/v2\/pages\/125","targetHints":{"allow":["GET"]}}],"collection":[{"href":"https:\/\/bancokebhana.com.br\/ko\/wp-json\/wp\/v2\/pages"}],"about":[{"href":"https:\/\/bancokebhana.com.br\/ko\/wp-json\/wp\/v2\/types\/page"}],"author":[{"embeddable":true,"href":"https:\/\/bancokebhana.com.br\/ko\/wp-json\/wp\/v2\/users\/1"}],"replies":[{"embeddable":true,"href":"https:\/\/bancokebhana.com.br\/ko\/wp-json\/wp\/v2\/comments?post=125"}],"version-history":[{"count":85,"href":"https:\/\/bancokebhana.com.br\/ko\/wp-json\/wp\/v2\/pages\/125\/revisions"}],"predecessor-version":[{"id":1182,"href":"https:\/\/bancokebhana.com.br\/ko\/wp-json\/wp\/v2\/pages\/125\/revisions\/1182"}],"wp:attachment":[{"href":"https:\/\/bancokebhana.com.br\/ko\/wp-json\/wp\/v2\/media?parent=125"}],"curies":[{"name":"wp","href":"https:\/\/api.w.org\/{rel}","templated":true}]}}