{"id":74,"date":"2025-06-01T22:28:13","date_gmt":"2025-06-02T01:28:13","guid":{"rendered":"https:\/\/bancokebhana.com.br\/?page_id=74"},"modified":"2025-07-18T14:33:47","modified_gmt":"2025-07-18T17:33:47","slug":"quem-somos","status":"publish","type":"page","link":"https:\/\/bancokebhana.com.br\/ko\/quem-somos\/","title":{"rendered":"\uc740\ud589\uc18c\uac1c"},"content":{"rendered":"<div data-elementor-type=\"wp-page\" data-elementor-id=\"74\" class=\"elementor elementor-74\" data-elementor-post-type=\"page\">\n\t\t\t\t<div class=\"elementor-element elementor-element-c79d716 e-flex e-con-boxed e-con e-parent\" data-id=\"c79d716\" data-element_type=\"container\" data-e-type=\"container\" data-settings=\"{&quot;background_background&quot;:&quot;classic&quot;}\">\n\t\t\t\t\t<div class=\"e-con-inner\">\n\t\t\t\t<div class=\"elementor-element elementor-element-03e99d8 elementor-widget elementor-widget-heading\" data-id=\"03e99d8\" data-element_type=\"widget\" data-e-type=\"widget\" data-widget_type=\"heading.default\">\n\t\t\t\t<div class=\"elementor-widget-container\">\n\t\t\t\t\t<h2 class=\"elementor-heading-title elementor-size-default\">\uc740\ud589\uc18c\uac1c<\/h2>\t\t\t\t<\/div>\n\t\t\t\t<\/div>\n\t\t\t\t<div class=\"elementor-element elementor-element-b08db0a elementor-widget elementor-widget-text-editor\" data-id=\"b08db0a\" data-element_type=\"widget\" data-e-type=\"widget\" data-widget_type=\"text-editor.default\">\n\t\t\t\t<div class=\"elementor-widget-container\">\n\t\t\t\t\t\t\t\t\t<p><strong>\ube0c\ub77c\uc9c8\ud558\ub098\uc740\ud589\uc740 \ub300\ud55c\ubbfc\uad6d \ud558\ub098\uc740\ud589\uc758 100% \uc790\ud68c\uc0ac\uc778 \ud55c\uad6d\uacc4 \uc740\ud589\uc785\ub2c8\ub2e4.<\/strong><\/p>\t\t\t\t\t\t\t\t<\/div>\n\t\t\t\t<\/div>\n\t\t\t\t\t<\/div>\n\t\t\t\t<\/div>\n\t\t<div class=\"elementor-element elementor-element-3ad24f8 e-flex e-con-boxed e-con e-parent\" data-id=\"3ad24f8\" data-element_type=\"container\" data-e-type=\"container\" data-settings=\"{&quot;background_background&quot;:&quot;classic&quot;}\">\n\t\t\t\t\t<div class=\"e-con-inner\">\n\t\t<div class=\"elementor-element elementor-element-b4a60e8 e-con-full e-flex e-con e-child\" data-id=\"b4a60e8\" data-element_type=\"container\" data-e-type=\"container\">\n\t\t\t\t<div class=\"elementor-element elementor-element-3ec8979 elementor-widget elementor-widget-heading\" data-id=\"3ec8979\" data-element_type=\"widget\" data-e-type=\"widget\" data-widget_type=\"heading.default\">\n\t\t\t\t<div class=\"elementor-widget-container\">\n\t\t\t\t\t<h2 class=\"elementor-heading-title elementor-size-default\">\ube0c\ub77c\uc9c8\ud558\ub098\uc740\ud589<\/h2>\t\t\t\t<\/div>\n\t\t\t\t<\/div>\n\t\t\t\t<div class=\"elementor-element elementor-element-e3a2c5d elementor-widget-divider--view-line elementor-widget elementor-widget-divider\" data-id=\"e3a2c5d\" data-element_type=\"widget\" data-e-type=\"widget\" data-widget_type=\"divider.default\">\n\t\t\t\t<div class=\"elementor-widget-container\">\n\t\t\t\t\t\t\t<div class=\"elementor-divider\">\n\t\t\t<span class=\"elementor-divider-separator\">\n\t\t\t\t\t\t<\/span>\n\t\t<\/div>\n\t\t\t\t\t\t<\/div>\n\t\t\t\t<\/div>\n\t\t\t\t<\/div>\n\t\t<div class=\"elementor-element elementor-element-311ef16 e-con-full e-flex e-con e-child\" data-id=\"311ef16\" data-element_type=\"container\" data-e-type=\"container\">\n\t\t\t\t<div class=\"elementor-element elementor-element-86ebe6a elementor-widget elementor-widget-image\" data-id=\"86ebe6a\" data-element_type=\"widget\" data-e-type=\"widget\" data-widget_type=\"image.default\">\n\t\t\t\t<div class=\"elementor-widget-container\">\n\t\t\t\t\t\t\t\t\t\t\t\t\t\t\t<img fetchpriority=\"high\" decoding=\"async\" width=\"578\" height=\"448\" src=\"https:\/\/bancokebhana.com.br\/wp-content\/uploads\/2025\/06\/logo_keb_grande.png\" class=\"attachment-large size-large wp-image-291\" alt=\"\" srcset=\"https:\/\/bancokebhana.com.br\/wp-content\/uploads\/2025\/06\/logo_keb_grande.png 578w, https:\/\/bancokebhana.com.br\/wp-content\/uploads\/2025\/06\/logo_keb_grande-300x233.png 300w\" sizes=\"(max-width: 578px) 100vw, 578px\" \/>\t\t\t\t\t\t\t\t\t\t\t\t\t\t\t<\/div>\n\t\t\t\t<\/div>\n\t\t\t\t<\/div>\n\t\t<div class=\"elementor-element elementor-element-3599d05 e-con-full e-flex e-con e-child\" data-id=\"3599d05\" data-element_type=\"container\" data-e-type=\"container\">\n\t\t\t\t<div class=\"elementor-element elementor-element-7e8d501 elementor-widget elementor-widget-text-editor\" data-id=\"7e8d501\" data-element_type=\"widget\" data-e-type=\"widget\" data-widget_type=\"text-editor.default\">\n\t\t\t\t<div class=\"elementor-widget-container\">\n\t\t\t\t\t\t\t\t\t<p>\ube0c\ub77c\uc9c8\ud558\ub098\uc740\ud589\uc740 \ub300\ud55c\ubbfc\uad6d \ud558\ub098\uc740\ud589\uc758 100% \uc790\ud68c\uc0ac\uc774\uc790 \ud558\ub098\uae08\uc735\uadf8\ub8f9 \uc18c\uc18d\uc758 \uae08\uc735\uae30\uad00\uc785\ub2c8\ub2e4.<\/p><p>1998\ub144 \ube0c\ub77c\uc9c8\uc5d0 \uc124\ub9bd\ub41c\ube0c\ub77c\uc9c8 \ud558\ub098\uc740\ud589\uc740 \ube0c\ub77c\uc9c8\uc5d0\uc11c \uc601\uc5c5\uc744 \uc2dc\uc791\ud55c \ucd5c\ucd08\uc758 \ud55c\uad6d\uacc4 \uc740\ud589\uc73c\ub85c, \uc678\ud658, \uae30\uc5c5 \uae08\uc735, \ud22c\uc790 \ubd84\uc57c\uc5d0 \ud2b9\ud654\ub41c 20\ub144 \uc774\uc0c1\uc758 \uc5ed\uc0ac\ub97c \uc790\ub791\ud569\ub2c8\ub2e4.<\/p><p>\uc804 \uc138\uacc4 \uc8fc\uc694 \uae08\uc735 \uc911\uc2ec\uc9c0\uc5d0 \uc704\uce58\ud55c 127\uac1c\uc758 \ud574\uc678 \uc9c0\uc810 \ubc0f \uc790\ud68c\uc0ac\uc640 \ub300\ud55c\ubbfc\uad6d \ub0b4 760\uac1c\uc758 \uc9c0\uc810 \ub124\ud2b8\uc6cc\ud06c\ub97c \ubcf4\uc720\ud558\uace0 \uc788\uc2b5\ub2c8\ub2e4.<\/p>\t\t\t\t\t\t\t\t<\/div>\n\t\t\t\t<\/div>\n\t\t\t\t<\/div>\n\t\t\t\t\t<\/div>\n\t\t\t\t<\/div>\n\t\t<div class=\"elementor-element elementor-element-17ef3f3 e-flex e-con-boxed e-con e-parent\" data-id=\"17ef3f3\" data-element_type=\"container\" data-e-type=\"container\" data-settings=\"{&quot;background_background&quot;:&quot;classic&quot;}\">\n\t\t\t\t\t<div class=\"e-con-inner\">\n\t\t<div class=\"elementor-element elementor-element-5e2b07a e-con-full e-flex e-con e-child\" data-id=\"5e2b07a\" data-element_type=\"container\" data-e-type=\"container\">\n\t\t\t\t<div class=\"elementor-element elementor-element-5bfa174 elementor-widget elementor-widget-heading\" data-id=\"5bfa174\" data-element_type=\"widget\" data-e-type=\"widget\" data-widget_type=\"heading.default\">\n\t\t\t\t<div class=\"elementor-widget-container\">\n\t\t\t\t\t<h2 class=\"elementor-heading-title elementor-size-default\">\ucc28\ubcc4\ud654\ub41c \uac15\uc810<\/h2>\t\t\t\t<\/div>\n\t\t\t\t<\/div>\n\t\t\t\t<div class=\"elementor-element elementor-element-6c2be88 elementor-widget-divider--view-line elementor-widget elementor-widget-divider\" data-id=\"6c2be88\" data-element_type=\"widget\" data-e-type=\"widget\" data-widget_type=\"divider.default\">\n\t\t\t\t<div class=\"elementor-widget-container\">\n\t\t\t\t\t\t\t<div class=\"elementor-divider\">\n\t\t\t<span class=\"elementor-divider-separator\">\n\t\t\t\t\t\t<\/span>\n\t\t<\/div>\n\t\t\t\t\t\t<\/div>\n\t\t\t\t<\/div>\n\t\t\t\t<div class=\"elementor-element elementor-element-f4e9e9d elementor-widget elementor-widget-text-editor\" data-id=\"f4e9e9d\" data-element_type=\"widget\" data-e-type=\"widget\" data-widget_type=\"text-editor.default\">\n\t\t\t\t<div class=\"elementor-widget-container\">\n\t\t\t\t\t\t\t\t\t<p>\ube0c\ub77c\uc9c8 \uae08\uc735\uc2dc\uc7a5\uc5d0\uc11c 20\ub144 \uc774\uc0c1\uc758 \uacbd\ud5d8\uacfc \uace0\ub3c4\ub85c \uc804\ubb38\ud654\ub41c \uc778\ub825, \uadf8\ub9ac\uace0 \ucca8\ub2e8 \uae30\uc220\uc758 \uacb0\ud569\uc73c\ub85c \ube0c\ub77c\uc9c8 \ud558\ub098\uc740\ud589\uc740 \uacac\uace0\ud558\uace0, \ud6a8\uc728\uc801\uc774\uba70, \uc2e0\ub8b0\ud560 \uc218 \uc788\ub294 \uae08\uc735\uae30\uad00\uc73c\ub85c \uc790\ub9ac\ub9e4\uae40\ud558\uace0 \uc788\uc2b5\ub2c8\ub2e4.<\/p>\t\t\t\t\t\t\t\t<\/div>\n\t\t\t\t<\/div>\n\t\t\t\t<\/div>\n\t\t<div class=\"elementor-element elementor-element-7c1b4d0 e-con-full e-flex e-con e-child\" data-id=\"7c1b4d0\" data-element_type=\"container\" data-e-type=\"container\">\n\t\t\t\t<\/div>\n\t\t\t\t\t<\/div>\n\t\t\t\t<\/div>\n\t\t<div class=\"elementor-element elementor-element-8095b37 e-flex e-con-boxed e-con e-parent\" data-id=\"8095b37\" data-element_type=\"container\" data-e-type=\"container\" data-settings=\"{&quot;background_background&quot;:&quot;classic&quot;}\">\n\t\t\t\t\t<div class=\"e-con-inner\">\n\t\t<div class=\"elementor-element elementor-element-08d4ae6 e-con-full e-flex e-con e-child\" data-id=\"08d4ae6\" data-element_type=\"container\" data-e-type=\"container\">\n\t\t\t\t<div class=\"elementor-element elementor-element-461bf25 elementor-widget elementor-widget-heading\" data-id=\"461bf25\" data-element_type=\"widget\" data-e-type=\"widget\" data-widget_type=\"heading.default\">\n\t\t\t\t<div class=\"elementor-widget-container\">\n\t\t\t\t\t<h2 class=\"elementor-heading-title elementor-size-default\">\ubbf8\uc158, \ube44\uc804, \ud575\uc2ec\uac00\uce58 \ubc0f \ud544\uc218\ub355\ubaa9<\/h2>\t\t\t\t<\/div>\n\t\t\t\t<\/div>\n\t\t\t\t<\/div>\n\t\t<div class=\"elementor-element elementor-element-1448948 e-con-full e-flex e-con e-child\" data-id=\"1448948\" data-element_type=\"container\" data-e-type=\"container\" data-settings=\"{&quot;background_background&quot;:&quot;classic&quot;}\">\n\t\t\t\t<div class=\"elementor-element elementor-element-d822108 elementor-position-top elementor-widget elementor-widget-image-box\" data-id=\"d822108\" data-element_type=\"widget\" data-e-type=\"widget\" data-widget_type=\"image-box.default\">\n\t\t\t\t<div class=\"elementor-widget-container\">\n\t\t\t\t\t<div class=\"elementor-image-box-wrapper\"><figure class=\"elementor-image-box-img\"><img decoding=\"async\" width=\"57\" height=\"57\" src=\"https:\/\/bancokebhana.com.br\/wp-content\/uploads\/2025\/06\/favic_keb_57.png\" class=\"attachment-full size-full wp-image-547\" alt=\"\" \/><\/figure><div class=\"elementor-image-box-content\"><h3 class=\"elementor-image-box-title\">\ubbf8\uc158<\/h3><p class=\"elementor-image-box-description\">\uc2e0\ub8b0, \ud0c1\uc6d4\ud568, \ubcf4\uc548, \ubbfc\ucca9\uc131\uc744 \uac16\ucd98 \uae08\uc735 \uc194\ub8e8\uc158\uc744 \uc81c\uacf5\ud568\uc73c\ub85c\uc368 \uace0\uac1d\uacfc \ud30c\ud2b8\ub108\uc758 \uc131\uc7a5\uc744 \uc9c0\uc6d0\ud558\uace0, \uacbd\uc81c\uc801 \uc9c0\uc18d\uac00\ub2a5\uc131\uacfc \uc0ac\ud68c\uc801 \ucc45\uc784\uc758 \uc6d0\uce59\uc744 \ub530\ub985\ub2c8\ub2e4.<\/p><\/div><\/div>\t\t\t\t<\/div>\n\t\t\t\t<\/div>\n\t\t\t\t<\/div>\n\t\t<div class=\"elementor-element elementor-element-073c7a2 e-con-full e-flex e-con e-child\" data-id=\"073c7a2\" data-element_type=\"container\" data-e-type=\"container\" data-settings=\"{&quot;background_background&quot;:&quot;classic&quot;}\">\n\t\t\t\t<div class=\"elementor-element elementor-element-39f8700 elementor-position-top elementor-widget elementor-widget-image-box\" data-id=\"39f8700\" data-element_type=\"widget\" data-e-type=\"widget\" data-widget_type=\"image-box.default\">\n\t\t\t\t<div class=\"elementor-widget-container\">\n\t\t\t\t\t<div class=\"elementor-image-box-wrapper\"><figure class=\"elementor-image-box-img\"><img decoding=\"async\" width=\"57\" height=\"57\" src=\"https:\/\/bancokebhana.com.br\/wp-content\/uploads\/2025\/06\/favic_keb_57.png\" class=\"attachment-full size-full wp-image-547\" alt=\"\" \/><\/figure><div class=\"elementor-image-box-content\"><h3 class=\"elementor-image-box-title\">\ube44\uc804<\/h3><p class=\"elementor-image-box-description\">\ud0c1\uc6d4\ud568\uc744 \uae30\ubc18\uc73c\ub85c \uc9c0\uc18d\uc801\uc778 \uac1c\uc120\uc744 \ucd94\uad6c\ud558\uba70 \uae08\uc735\uc2dc\uc7a5\uc758 \uc8fc\uc694\uc740\ud589 \uc911 \ud558\ub098\ub85c \uc790\ub9ac\uc7a1\ub294 \uac83\uc744 \ubaa9\ud45c\ub85c \ud569\ub2c8\ub2e4. \uacac\uace0\ud568, \uc724\ub9ac, \ud604\ub300\uc131, \uc720\ub3d9\uc131, \ubbfc\ucca9\uc131\uc744 \uac16\ucd98 \uc6b4\uc601\uc744 \uc9c0\ud5a5\ud569\ub2c8\ub2e4.<\/p><\/div><\/div>\t\t\t\t<\/div>\n\t\t\t\t<\/div>\n\t\t\t\t<\/div>\n\t\t<div class=\"elementor-element elementor-element-3c34e08 e-con-full e-flex e-con e-child\" data-id=\"3c34e08\" data-element_type=\"container\" data-e-type=\"container\" data-settings=\"{&quot;background_background&quot;:&quot;classic&quot;}\">\n\t\t\t\t<div class=\"elementor-element elementor-element-6ed8444 elementor-position-top elementor-widget elementor-widget-image-box\" data-id=\"6ed8444\" data-element_type=\"widget\" data-e-type=\"widget\" data-widget_type=\"image-box.default\">\n\t\t\t\t<div class=\"elementor-widget-container\">\n\t\t\t\t\t<div class=\"elementor-image-box-wrapper\"><figure class=\"elementor-image-box-img\"><img decoding=\"async\" width=\"57\" height=\"57\" src=\"https:\/\/bancokebhana.com.br\/wp-content\/uploads\/2025\/06\/favic_keb_57.png\" class=\"attachment-full size-full wp-image-547\" alt=\"\" \/><\/figure><div class=\"elementor-image-box-content\"><h3 class=\"elementor-image-box-title\">\ud575\uc2ec\uac00\uce58 \ubc0f \ud544\uc218\ub355\ubaa9<\/h3><p class=\"elementor-image-box-description\">\ucc45\uc784\uac10: \uc724\ub9ac\uc801, \ub3c4\ub355\uc801, \ubc95\uc801 \uc6d0\uce59\uc5d0 \ub530\ub77c \uc815\uc9c1\ud558\uace0 \ud22c\uba85\ud558\uac8c \uc5c5\ubb34\ub97c \uc218\ud589\ud569\ub2c8\ub2e4.\n<br><br>\n\uc2e0\uc18d\uc131: \uc18c\uc911\ud55c \uace0\uac1d\uc5d0\uac8c \ube60\ub974\uace0 \ud6a8\uc728\uc801\uc778 \uc11c\ube44\uc2a4\ub97c \uc81c\uacf5\ud569\ub2c8\ub2e4.\n<br><br>\n\uc801\uadf9\uc131: \uc8fc\ub3c4\uc801\uc73c\ub85c \ud589\ub3d9\ud558\uba70 \uae30\ub300\ub97c \ub6f0\uc5b4\ub118\ub294 \uacb0\uacfc\ub97c \ub9cc\ub4ed\ub2c8\ub2e4.<\/p><\/div><\/div>\t\t\t\t<\/div>\n\t\t\t\t<\/div>\n\t\t\t\t<\/div>\n\t\t\t\t\t<\/div>\n\t\t\t\t<\/div>\n\t\t<div class=\"elementor-element elementor-element-23e1b2e e-flex e-con-boxed e-con e-parent\" data-id=\"23e1b2e\" data-element_type=\"container\" data-e-type=\"container\" data-settings=\"{&quot;background_background&quot;:&quot;classic&quot;}\">\n\t\t\t\t\t<div class=\"e-con-inner\">\n\t\t<div class=\"elementor-element elementor-element-12602df e-con-full e-flex e-con e-child\" data-id=\"12602df\" data-element_type=\"container\" data-e-type=\"container\">\n\t\t\t\t<\/div>\n\t\t<div class=\"elementor-element elementor-element-1b86479 e-con-full e-flex e-con e-child\" data-id=\"1b86479\" data-element_type=\"container\" data-e-type=\"container\">\n\t\t\t\t<div class=\"elementor-element elementor-element-acc768a elementor-widget elementor-widget-heading\" data-id=\"acc768a\" data-element_type=\"widget\" data-e-type=\"widget\" data-widget_type=\"heading.default\">\n\t\t\t\t<div class=\"elementor-widget-container\">\n\t\t\t\t\t<h2 class=\"elementor-heading-title elementor-size-default\">\uc18c\ud1b5\ud574\uc694<\/h2>\t\t\t\t<\/div>\n\t\t\t\t<\/div>\n\t\t\t\t<div class=\"elementor-element elementor-element-5ceb0cb elementor-widget-divider--view-line elementor-widget elementor-widget-divider\" data-id=\"5ceb0cb\" data-element_type=\"widget\" data-e-type=\"widget\" data-widget_type=\"divider.default\">\n\t\t\t\t<div class=\"elementor-widget-container\">\n\t\t\t\t\t\t\t<div class=\"elementor-divider\">\n\t\t\t<span class=\"elementor-divider-separator\">\n\t\t\t\t\t\t<\/span>\n\t\t<\/div>\n\t\t\t\t\t\t<\/div>\n\t\t\t\t<\/div>\n\t\t\t\t<div class=\"elementor-element elementor-element-13eb31c elementor-widget elementor-widget-text-editor\" data-id=\"13eb31c\" data-element_type=\"widget\" data-e-type=\"widget\" data-widget_type=\"text-editor.default\">\n\t\t\t\t<div class=\"elementor-widget-container\">\n\t\t\t\t\t\t\t\t\t<p>\ub354 \ub098\uc740 \uae08\uc735 \uc11c\ube44\uc2a4\ub97c \uc704\ud574, \uace0\uac1d\ub2d8\uc758 \uc758\uacac \ud558\ub098\ud558\ub098\uc5d0 \uadc0 \uae30\uc6b8\uc774\uace0 \uc788\uc2b5\ub2c8\ub2e4. \ubd88\ud3b8\ud558\uc168\ub358 \uc810, \uac1c\uc120\uc744 \ubc14\ub77c\ub294 \uc810\uc774 \uc788\ub2e4\uba74 \uc8fc\uc800\ud558\uc9c0 \ub9d0\uace0 \ub9d0\uc500\ud574 \uc8fc\uc138\uc694.<\/p>\t\t\t\t\t\t\t\t<\/div>\n\t\t\t\t<\/div>\n\t\t\t\t<div class=\"elementor-element elementor-element-045a993 elementor-align-center elementor-widget elementor-widget-button\" data-id=\"045a993\" data-element_type=\"widget\" data-e-type=\"widget\" data-widget_type=\"button.default\">\n\t\t\t\t<div class=\"elementor-widget-container\">\n\t\t\t\t\t\t\t\t\t<div class=\"elementor-button-wrapper\">\n\t\t\t\t\t<a class=\"elementor-button elementor-button-link elementor-size-sm\" href=\"https:\/\/bancokebhana.com.br\/ko\/fale-conosco\/\">\n\t\t\t\t\t\t<span class=\"elementor-button-content-wrapper\">\n\t\t\t\t\t\t\t\t\t<span class=\"elementor-button-text\">\ubb38\uc758\ud558\uae30<\/span>\n\t\t\t\t\t<\/span>\n\t\t\t\t\t<\/a>\n\t\t\t\t<\/div>\n\t\t\t\t\t\t\t\t<\/div>\n\t\t\t\t<\/div>\n\t\t\t\t<\/div>\n\t\t<div class=\"elementor-element elementor-element-2ae9fe1 e-con-full e-flex e-con e-child\" data-id=\"2ae9fe1\" data-element_type=\"container\" data-e-type=\"container\">\n\t\t\t\t<\/div>\n\t\t\t\t\t<\/div>\n\t\t\t\t<\/div>\n\t\t\t\t<\/div>","protected":false},"excerpt":{"rendered":"<p>Quem Somos O Banco KEB Hana do Brasil S\/A \u00e9 um banco sul coreano, subsidi\u00e1ria integral do KEB Hana Bank. Banco KEB Hana do Brasil S.A. O Banco KEB Hana do Brasil \u00e9 uma institui\u00e7\u00e3o financeira, subsidi\u00e1ria integral do KEB Hana Bank (Rep\u00fablica da Cor\u00e9ia) e integrante do Hana Financial Group. Estabelecido no Brasil desde [&hellip;]<\/p>\n","protected":false},"author":1,"featured_media":0,"parent":0,"menu_order":0,"comment_status":"closed","ping_status":"closed","template":"elementor_header_footer","meta":{"footnotes":""},"class_list":["post-74","page","type-page","status-publish","hentry"],"_links":{"self":[{"href":"https:\/\/bancokebhana.com.br\/ko\/wp-json\/wp\/v2\/pages\/74","targetHints":{"allow":["GET"]}}],"collection":[{"href":"https:\/\/bancokebhana.com.br\/ko\/wp-json\/wp\/v2\/pages"}],"about":[{"href":"https:\/\/bancokebhana.com.br\/ko\/wp-json\/wp\/v2\/types\/page"}],"author":[{"embeddable":true,"href":"https:\/\/bancokebhana.com.br\/ko\/wp-json\/wp\/v2\/users\/1"}],"replies":[{"embeddable":true,"href":"https:\/\/bancokebhana.com.br\/ko\/wp-json\/wp\/v2\/comments?post=74"}],"version-history":[{"count":87,"href":"https:\/\/bancokebhana.com.br\/ko\/wp-json\/wp\/v2\/pages\/74\/revisions"}],"predecessor-version":[{"id":1249,"href":"https:\/\/bancokebhana.com.br\/ko\/wp-json\/wp\/v2\/pages\/74\/revisions\/1249"}],"wp:attachment":[{"href":"https:\/\/bancokebhana.com.br\/ko\/wp-json\/wp\/v2\/media?parent=74"}],"curies":[{"name":"wp","href":"https:\/\/api.w.org\/{rel}","templated":true}]}}