{"id":88,"date":"2025-06-01T22:32:51","date_gmt":"2025-06-02T01:32:51","guid":{"rendered":"https:\/\/bancokebhana.com.br\/?page_id=88"},"modified":"2025-07-18T14:34:26","modified_gmt":"2025-07-18T17:34:26","slug":"o-banco","status":"publish","type":"page","link":"https:\/\/bancokebhana.com.br\/ko\/o-banco\/","title":{"rendered":"\ube0c\ub77c\uc9c8 \ud558\ub098\uc740\ud589 \uc18c\uac1c"},"content":{"rendered":"<div data-elementor-type=\"wp-page\" data-elementor-id=\"88\" class=\"elementor elementor-88\" data-elementor-post-type=\"page\">\n\t\t\t\t<div class=\"elementor-element elementor-element-1553666 e-flex e-con-boxed e-con e-parent\" data-id=\"1553666\" data-element_type=\"container\" data-e-type=\"container\" data-settings=\"{&quot;background_background&quot;:&quot;classic&quot;}\">\n\t\t\t\t\t<div class=\"e-con-inner\">\n\t\t\t\t<div class=\"elementor-element elementor-element-03f2125 elementor-widget elementor-widget-heading\" data-id=\"03f2125\" data-element_type=\"widget\" data-e-type=\"widget\" data-widget_type=\"heading.default\">\n\t\t\t\t<div class=\"elementor-widget-container\">\n\t\t\t\t\t<h2 class=\"elementor-heading-title elementor-size-default\">\ube0c\ub77c\uc9c8 \ud558\ub098\uc740\ud589 \uc18c\uac1c<\/h2>\t\t\t\t<\/div>\n\t\t\t\t<\/div>\n\t\t\t\t<div class=\"elementor-element elementor-element-3644027 elementor-widget elementor-widget-text-editor\" data-id=\"3644027\" data-element_type=\"widget\" data-e-type=\"widget\" data-widget_type=\"text-editor.default\">\n\t\t\t\t<div class=\"elementor-widget-container\">\n\t\t\t\t\t\t\t\t\t<p>\ube0c\ub77c\uc9c8 \ud558\ub098\uc740\ud589\uc740 \ube0c\ub77c\uc9c8\uc5d0\uc11c \uc601\uc5c5\uc744 \uc2dc\uc791\ud55c \uccab \ubc88\uc9f8 \ud55c\uad6d\uacc4 \uc740\ud589\uc785\ub2c8\ub2e4.<\/p>\t\t\t\t\t\t\t\t<\/div>\n\t\t\t\t<\/div>\n\t\t\t\t\t<\/div>\n\t\t\t\t<\/div>\n\t\t<div class=\"elementor-element elementor-element-76e0b1d e-flex e-con-boxed e-con e-parent\" data-id=\"76e0b1d\" data-element_type=\"container\" data-e-type=\"container\">\n\t\t\t\t\t<div class=\"e-con-inner\">\n\t\t<div class=\"elementor-element elementor-element-c193ed8 e-con-full e-flex e-con e-child\" data-id=\"c193ed8\" data-element_type=\"container\" data-e-type=\"container\">\n\t\t\t\t<div class=\"elementor-element elementor-element-ebc1bbe elementor-widget elementor-widget-image\" data-id=\"ebc1bbe\" data-element_type=\"widget\" data-e-type=\"widget\" data-widget_type=\"image.default\">\n\t\t\t\t<div class=\"elementor-widget-container\">\n\t\t\t\t\t\t\t\t\t\t\t\t\t\t\t<img fetchpriority=\"high\" decoding=\"async\" width=\"726\" height=\"762\" src=\"https:\/\/bancokebhana.com.br\/wp-content\/uploads\/2025\/06\/keb_ilust.jpg\" class=\"attachment-large size-large wp-image-305\" alt=\"\" srcset=\"https:\/\/bancokebhana.com.br\/wp-content\/uploads\/2025\/06\/keb_ilust.jpg 726w, https:\/\/bancokebhana.com.br\/wp-content\/uploads\/2025\/06\/keb_ilust-286x300.jpg 286w\" sizes=\"(max-width: 726px) 100vw, 726px\" \/>\t\t\t\t\t\t\t\t\t\t\t\t\t\t\t<\/div>\n\t\t\t\t<\/div>\n\t\t\t\t<\/div>\n\t\t<div class=\"elementor-element elementor-element-9648811 e-con-full e-flex e-con e-child\" data-id=\"9648811\" data-element_type=\"container\" data-e-type=\"container\">\n\t\t\t\t<div class=\"elementor-element elementor-element-8fc8e41 elementor-widget elementor-widget-text-editor\" data-id=\"8fc8e41\" data-element_type=\"widget\" data-e-type=\"widget\" data-widget_type=\"text-editor.default\">\n\t\t\t\t<div class=\"elementor-widget-container\">\n\t\t\t\t\t\t\t\t\t<p>\uc0c1\ud30c\uc6b8\ub8e8\uc2dc\uc5d0 \uc704\uce58\ud558\uace0 \uc788\uc73c\uba70, \uac1c\uc778\uace0\uac1d\uc740 \ubb3c\ub860 \uae30\uc5c5 \uace0\uac1d\uc758 \ub2e4\uc591\ud55c \uae08\uc735 \uc218\uc694\uc5d0 \ub9de\ucd98 \uae08\uc735 \uc194\ub8e8\uc158\uc744 \uc81c\uacf5\ud569\ub2c8\ub2e4.<\/p><p>\ub300\ud615 \ub2e4\uad6d\uc801 \uae30\uc5c5\ubd80\ud130 \uc911\uc18c\uaddc\ubaa8\uc758 \ud604\uc9c0 \uae30\uc5c5\uc5d0 \uc774\ub974\uae30\uae4c\uc9c0 \ub2e4\uc591\ud55c \uace0\uac1d\uce35\uc744 \ub300\uc0c1\uc73c\ub85c \uc218\uc900 \ub192\uc740 \uc0c1\ud488\uacfc \uc11c\ube44\uc2a4\ub97c \uc81c\uacf5\ud558\uba70, \uace0\uac1d\uc5d0\uac8c \uac00\uce58\ub97c \ucc3d\ucd9c\ud569\ub2c8\ub2e4.<\/p><p>\ub192\uc740 \uc5ed\ub7c9\uc744 \uac16\ucd98 \uc804\ubb38 \uc778\ub825\uacfc \ucca8\ub2e8 \uae30\uc220\uc758 \uacb0\ud569\uc73c\ub85c \ube0c\ub77c\uc9c8 \ud558\ub098\uc740\ud589\uc740 \uacac\uace0\ud558\uace0 \ud6a8\uc728\uc801\uc774\uba70 \uc2e0\ub8b0\ud560 \uc218 \uc788\ub294 \uae08\uc735\uae30\uad00\uc73c\ub85c \uc790\ub9ac\ub9e4\uae40\ud558\uace0 \uc788\uc2b5\ub2c8\ub2e4.\n\ub610\ud55c, \uc804 \uc138\uacc4 24\uac1c\uad6d\uc5d0 \uac78\uccd0 127\uac1c\uc758 \ud574\uc678 \uc9c0\uc810 \ubc0f \uc790\ud68c\uc0ac\ub97c \ubcf4\uc720\ud55c \uae00\ub85c\ubc8c \ub124\ud2b8\uc6cc\ud06c\ub97c \ud1b5\ud574 \uace0\uac1d\uc744 \uc804 \uc138\uacc4\uc640 \uc27d\uace0 \uc548\uc804\ud558\uac8c \uc5f0\uacb0\ud558\uace0 \uc788\uc2b5\ub2c8\ub2e4.<\/p><p>\uc790\uae08\uad00\ub9ac, \ub300\ucd9c, \ubcf4\uc99d, \ud22c\uc790,\ubb34\uc5ed\uae08\uc735 \uc11c\ube44\uc2a4, \uadf8\ub9ac\uace0 \uc678\ud654 \uc1a1\uae08 \ubc0f \uc218\ucde8 \ub4f1 \ub2e4\uc591\ud55c \uae08\uc735\uc0c1\ud488\uc744 \uc81c\uacf5\ud569\ub2c8\ub2e4.<\/p>\t\t\t\t\t\t\t\t<\/div>\n\t\t\t\t<\/div>\n\t\t\t\t<\/div>\n\t\t\t\t\t<\/div>\n\t\t\t\t<\/div>\n\t\t<div class=\"elementor-element elementor-element-d051cf0 e-flex e-con-boxed e-con e-parent\" data-id=\"d051cf0\" data-element_type=\"container\" data-e-type=\"container\" data-settings=\"{&quot;background_background&quot;:&quot;classic&quot;}\">\n\t\t\t\t\t<div class=\"e-con-inner\">\n\t\t<div class=\"elementor-element elementor-element-76d204d e-con-full e-flex e-con e-child\" data-id=\"76d204d\" data-element_type=\"container\" data-e-type=\"container\">\n\t\t\t\t<\/div>\n\t\t<div class=\"elementor-element elementor-element-ae77c5f e-con-full e-flex e-con e-child\" data-id=\"ae77c5f\" data-element_type=\"container\" data-e-type=\"container\">\n\t\t\t\t<div class=\"elementor-element elementor-element-dea75be elementor-widget elementor-widget-heading\" data-id=\"dea75be\" data-element_type=\"widget\" data-e-type=\"widget\" data-widget_type=\"heading.default\">\n\t\t\t\t<div class=\"elementor-widget-container\">\n\t\t\t\t\t<h2 class=\"elementor-heading-title elementor-size-default\">\uc6f9\uacfc \ubaa8\ubc14\uc77c \ub4f1 \ub514\uc9c0\ud138 \ud50c\ub7ab\ud3fc\uc744 \ud1b5\ud574 \uacc4\uc88c\uc5d0 \ud3b8\ub9ac\ud558\uace0 \uc548\uc804\ud558\uac8c \uc811\uadfc\ud560 \uc218 \uc788\ub294 \uc11c\ube44\uc2a4\ub97c \uc81c\uacf5\ud569\ub2c8\ub2e4.<\/h2>\t\t\t\t<\/div>\n\t\t\t\t<\/div>\n\t\t\t\t<\/div>\n\t\t<div class=\"elementor-element elementor-element-e8541d3 e-con-full e-flex e-con e-child\" data-id=\"e8541d3\" data-element_type=\"container\" data-e-type=\"container\">\n\t\t\t\t<\/div>\n\t\t\t\t\t<\/div>\n\t\t\t\t<\/div>\n\t\t<div class=\"elementor-element elementor-element-011b43d e-flex e-con-boxed e-con e-parent\" data-id=\"011b43d\" data-element_type=\"container\" data-e-type=\"container\" data-settings=\"{&quot;background_background&quot;:&quot;classic&quot;}\">\n\t\t\t\t\t<div class=\"e-con-inner\">\n\t\t<div class=\"elementor-element elementor-element-8820ca4 e-con-full e-flex e-con e-child\" data-id=\"8820ca4\" data-element_type=\"container\" data-e-type=\"container\">\n\t\t\t\t<div class=\"elementor-element elementor-element-23f5352 elementor-widget elementor-widget-heading\" data-id=\"23f5352\" data-element_type=\"widget\" data-e-type=\"widget\" data-widget_type=\"heading.default\">\n\t\t\t\t<div class=\"elementor-widget-container\">\n\t\t\t\t\t<h2 class=\"elementor-heading-title elementor-size-default\">\ube0c\ub77c\uc9c8 \ud558\ub098\uc740\ud589<\/h2>\t\t\t\t<\/div>\n\t\t\t\t<\/div>\n\t\t\t\t<div class=\"elementor-element elementor-element-6186739 elementor-widget-divider--view-line elementor-widget elementor-widget-divider\" data-id=\"6186739\" data-element_type=\"widget\" data-e-type=\"widget\" data-widget_type=\"divider.default\">\n\t\t\t\t<div class=\"elementor-widget-container\">\n\t\t\t\t\t\t\t<div class=\"elementor-divider\">\n\t\t\t<span class=\"elementor-divider-separator\">\n\t\t\t\t\t\t<\/span>\n\t\t<\/div>\n\t\t\t\t\t\t<\/div>\n\t\t\t\t<\/div>\n\t\t\t\t<div class=\"elementor-element elementor-element-85ad932 elementor-widget elementor-widget-text-editor\" data-id=\"85ad932\" data-element_type=\"widget\" data-e-type=\"widget\" data-widget_type=\"text-editor.default\">\n\t\t\t\t<div class=\"elementor-widget-container\">\n\t\t\t\t\t\t\t\t\t<p>\ud558\ub098\uc740\ud589\uc740 \ub300\ud55c\ubbfc\uad6d \uc11c\uc6b8\uc5d0 \ubcf8\uc0ac\ub97c \ub450\uace0 \uc788\uc73c\uba70, \ud558\ub098\uc740\ud589\uacfc \ud55c\uad6d\uc678\ud658\uc740\ud589\uc758 \ud569\ubcd1\uc744 \ud1b5\ud574 \ud0c4\uc0dd\ud558\uc600\uc2b5\ub2c8\ub2e4.<\/p><p>\ud558\ub098\uae08\uc735\uadf8\ub8f9\uc740 2012\ub144 2\uc6d4 \ubbf8\uad6d\uacc4 \ud22c\uc790\ud68c\uc0ac \ub860\uc2a4\ud0c0\ud380\ub4dc\ub85c\ubd80\ud130 \ud55c\uad6d\uc678\ud658\uc740\ud589\uc744 \uc778\uc218\ud558\uc600\uc73c\ub098, \uc778\uc218 \uc774\ud6c4\uc5d0\ub3c4 \uc678\ud658\uc740\ud589\uacfc \ud558\ub098\uc740\ud589\uc740 2015\ub144 9\uc6d4\uae4c\uc9c0 \ubcc4\ub3c4\ub85c \uc6b4\uc601\ub418\uc5c8\uc2b5\ub2c8\ub2e4. \ub450 \uc740\ud589\uc758 \uacf5\uc2dd\uc801\uc778 \ud569\ubcd1\uc740 2015\ub144 9\uc6d4 1\uc77c\uc5d0 \uc774\ub8e8\uc5b4\uc84c\uc73c\uba70, \uc774\ub294 1967\ub144 \uc124\ub9bd \uc774\ud6c4 48\ub144 \ub9cc\uc5d0 \ud55c\uad6d\uc678\ud658\uc740\ud589\uc758 \uc0c8\ub85c\uc6b4 \uc5ed\uc0ac\uac00 \uc2dc\uc791\ub418\uc5c8\uc74c\uc744 \uc758\ubbf8\ud569\ub2c8\ub2e4.<\/p><p>\ud569\ubcd1\uc73c\ub85c \uc778\ud574 \uc0c8\ub86d\uac8c \ucd9c\ubc94\ud55c \uc740\ud589\uc758 \ucd1d \uc790\uc0b0\uc740 299\uc870 \uc6d0(\uc57d 2,550\uc5b5 \ub2ec\ub7ec)\uc5d0 \ub2ec\ud558\uac8c \ub418\uc5c8\uc73c\uba70, \uc774\ub85c\uc368\ud558\ub098\uc740\ud589\uc740 \ub300\ud55c\ubbfc\uad6d \uc2dc\uc911\uc740\ud589 \uc911 \uc120\ub3c4\uc801\uc778 \uc704\uce58\ub97c \ucc28\uc9c0\ud558\uac8c \ub418\uc5c8\uc2b5\ub2c8\ub2e4.<\/p><p>\ud558\ub098\uc740\ud589\uc740 \uc804 \uc138\uacc4 24\uac1c\uad6d\uc5d0 127\uac1c\uc758 \ud574\uc678 \uc9c0\uc810 \ubc0f \ub124\ud2b8\uc6cc\ud06c\ub97c \ubcf4\uc720\ud558\uace0 \uc788\uc73c\uba70, \uc774\ub294 \uc720\ub7fd, \uc911\ub3d9, \ubbf8\uc8fc, \ud2b9\ud788 \uc544\uc2dc\uc544-\ud0dc\ud3c9\uc591 \uc9c0\uc5ed\uc5d0 \uc9d1\uc911\ub418\uc5b4 \uc788\uc2b5\ub2c8\ub2e4.<\/p>\t\t\t\t\t\t\t\t<\/div>\n\t\t\t\t<\/div>\n\t\t\t\t<div class=\"elementor-element elementor-element-f29139c elementor-icon-list--layout-traditional elementor-list-item-link-full_width elementor-widget elementor-widget-icon-list\" data-id=\"f29139c\" data-element_type=\"widget\" data-e-type=\"widget\" data-widget_type=\"icon-list.default\">\n\t\t\t\t<div class=\"elementor-widget-container\">\n\t\t\t\t\t\t\t<ul class=\"elementor-icon-list-items\">\n\t\t\t\t\t\t\t<li class=\"elementor-icon-list-item\">\n\t\t\t\t\t\t\t\t\t\t\t<a href=\"https:\/\/www.kebhana.com\" target=\"_blank\">\n\n\t\t\t\t\t\t\t\t\t\t\t<span class=\"elementor-icon-list-text\">\ub354 \uc54c\uc544\ubcf4\uae30<\/span>\n\t\t\t\t\t\t\t\t\t\t\t<\/a>\n\t\t\t\t\t\t\t\t\t<\/li>\n\t\t\t\t\t\t<\/ul>\n\t\t\t\t\t\t<\/div>\n\t\t\t\t<\/div>\n\t\t\t\t<\/div>\n\t\t<div class=\"elementor-element elementor-element-b4b3719 e-con-full e-flex e-con e-child\" data-id=\"b4b3719\" data-element_type=\"container\" data-e-type=\"container\">\n\t\t\t\t<\/div>\n\t\t\t\t\t<\/div>\n\t\t\t\t<\/div>\n\t\t<div class=\"elementor-element elementor-element-5db4eaf e-flex e-con-boxed e-con e-parent\" data-id=\"5db4eaf\" data-element_type=\"container\" data-e-type=\"container\">\n\t\t\t\t\t<div class=\"e-con-inner\">\n\t\t<div class=\"elementor-element elementor-element-1622f62 e-con-full e-flex e-con e-child\" data-id=\"1622f62\" data-element_type=\"container\" data-e-type=\"container\">\n\t\t\t\t<div class=\"elementor-element elementor-element-30eaade elementor-widget elementor-widget-heading\" data-id=\"30eaade\" data-element_type=\"widget\" data-e-type=\"widget\" data-widget_type=\"heading.default\">\n\t\t\t\t<div class=\"elementor-widget-container\">\n\t\t\t\t\t<h2 class=\"elementor-heading-title elementor-size-default\">\ud558\ub098 \uae08\uc735 \uadf8\ub8f9<\/h2>\t\t\t\t<\/div>\n\t\t\t\t<\/div>\n\t\t\t\t<\/div>\n\t\t<div class=\"elementor-element elementor-element-a84d9ef e-con-full e-flex e-con e-child\" data-id=\"a84d9ef\" data-element_type=\"container\" data-e-type=\"container\">\n\t\t\t\t<div class=\"elementor-element elementor-element-b30f668 elementor-widget elementor-widget-text-editor\" data-id=\"b30f668\" data-element_type=\"widget\" data-e-type=\"widget\" data-widget_type=\"text-editor.default\">\n\t\t\t\t<div class=\"elementor-widget-container\">\n\t\t\t\t\t\t\t\t\t<p>\uc9c0\uc5ed \ub0b4 \ub9ac\ub354\uc2ed\uc744 \uae30\ubc18\uc73c\ub85c \ud55c \uae00\ub85c\ubc8c \uae08\uc735\uadf8\ub8f9\uc73c\ub85c \ub3c4\uc57d\ud558\uace0 \uc788\uc2b5\ub2c8\ub2e4.\n\ud55c\uad6d \uae08\uc735\uc5c5\uacc4\uc5d0\uc11c \uac00\uc7a5 \uad11\ubc94\uc704\ud55c \uad6d\uc81c \ub124\ud2b8\uc6cc\ud06c\ub97c \ubcf4\uc720\ud55c \ud558\ub098\uae08\uc735\uadf8\ub8f9\uc740 \uc138\uacc4 \uc720\uc218\uc758 \uae08\uc735\uadf8\ub8f9 \uc911 \ud558\ub098\ub85c \uc131\uc7a5\ud558\uace0 \uc788\uc2b5\ub2c8\ub2e4.\n\uc774\ub7ec\ud55c \uc704\uce58\ub294 1971\ub144 'Korea Investment &amp; Finance(\ud55c\uad6d\ud22c\uc790\uae08\uc735)'\uc73c\ub85c \ucd9c\ubc94\ud55c \uc774\ud6c4, 1991\ub144 \uc0c1\uc5c5\uc740\ud589\uc73c\ub85c\uc758 \uc804\ud658, 2005\ub144 \uae08\uc735\uc9c0\uc8fc\ud68c\uc0ac\ub85c\uc758 \uc804\ud658 \ub4f1 \uc9c0\uc18d\uc801\uc778 \uc0ac\uc5c5 \uc131\uc7a5\uc758 \uacb0\uacfc\ub85c \uc774\ub8e8\uc5b4\uc9c4 \uac83\uc785\ub2c8\ub2e4.<\/p>\t\t\t\t\t\t\t\t<\/div>\n\t\t\t\t<\/div>\n\t\t\t\t<\/div>\n\t\t<div class=\"elementor-element elementor-element-bc8e72b e-con-full e-flex e-con e-child\" data-id=\"bc8e72b\" data-element_type=\"container\" data-e-type=\"container\">\n\t\t\t\t<div class=\"elementor-element elementor-element-24873e6 elementor-widget elementor-widget-text-editor\" data-id=\"24873e6\" data-element_type=\"widget\" data-e-type=\"widget\" data-widget_type=\"text-editor.default\">\n\t\t\t\t<div class=\"elementor-widget-container\">\n\t\t\t\t\t\t\t\t\t<p>\ud558\ub098\uae08\uc735\uadf8\ub8f9\uc740 \ubaa8\ub4e0 \uc5f0\ub839\uc758 \uace0\uac1d\uce35\uc5d0\uac8c \ub2e4\uc591\ud55c \uae08\uc735 \uc0c1\ud488\uacfc \uc11c\ube44\uc2a4\ub97c \uc81c\uacf5\ud558\uc5ec \uace0\uac1d \ub9cc\uc871\uc744 \uc2e4\ud604\ud558\ub294 \ub370 \uc804\ub150\ud558\uace0 \uc788\uc2b5\ub2c8\ub2e4.\n\uc774\ub7ec\ud55c \uc11c\ube44\uc2a4\uc758 \uc77c\ud658\uc73c\ub85c, \ud558\ub098\uae08\uc735\uadf8\ub8f9\uc740 \uc740\ud589, \uc790\uc0b0\uc6b4\uc6a9, \uce74\ub4dc\uc0ac, \ubcf4\ud5d8\uc0ac \ub4f1 \uc8fc\uc694 \uc790\ud68c\uc0ac \uac04\uc758 \uc2dc\ub108\uc9c0\ub97c \ucc3d\ucd9c\ud558\uba70\n\uc5c5\uacc4\ub97c \uc120\ub3c4\ud558\ub294 \ud575\uc2ec \uae08\uc735 \uc11c\ube44\uc2a4 \ub124\ud2b8\uc6cc\ud06c\ub97c \uc6b4\uc601\ud558\uace0 \uc788\uc2b5\ub2c8\ub2e4.<\/p>\t\t\t\t\t\t\t\t<\/div>\n\t\t\t\t<\/div>\n\t\t\t\t<div class=\"elementor-element elementor-element-be2c722 elementor-icon-list--layout-traditional elementor-list-item-link-full_width elementor-widget elementor-widget-icon-list\" data-id=\"be2c722\" data-element_type=\"widget\" data-e-type=\"widget\" data-widget_type=\"icon-list.default\">\n\t\t\t\t<div class=\"elementor-widget-container\">\n\t\t\t\t\t\t\t<ul class=\"elementor-icon-list-items\">\n\t\t\t\t\t\t\t<li class=\"elementor-icon-list-item\">\n\t\t\t\t\t\t\t\t\t\t\t<a href=\"https:\/\/www.hanafn.com\" target=\"_blank\">\n\n\t\t\t\t\t\t\t\t\t\t\t<span class=\"elementor-icon-list-text\">\ub354 \uc54c\uc544\ubcf4\uae30<\/span>\n\t\t\t\t\t\t\t\t\t\t\t<\/a>\n\t\t\t\t\t\t\t\t\t<\/li>\n\t\t\t\t\t\t<\/ul>\n\t\t\t\t\t\t<\/div>\n\t\t\t\t<\/div>\n\t\t\t\t<\/div>\n\t\t<div class=\"elementor-element elementor-element-aa2c9f1 e-con-full e-flex e-con e-child\" data-id=\"aa2c9f1\" data-element_type=\"container\" data-e-type=\"container\">\n\t\t\t\t<div class=\"elementor-element elementor-element-144dc88 elementor-widget elementor-widget-text-editor\" data-id=\"144dc88\" data-element_type=\"widget\" data-e-type=\"widget\" data-widget_type=\"text-editor.default\">\n\t\t\t\t<div class=\"elementor-widget-container\">\n\t\t\t\t\t\t\t\t\t<p><b>\ud558\ub098\uae08\uc735\uadf8\ub8f9\uc740 \ubaa8\ub4e0 \uc784\uc9c1\uc6d0\uc5d0\uac8c \uafc8\uc744 \uc2e4\ud604\ud560 \uc218 \uc788\ub294 \ud3ed\ub113\uc740 \uae30\ud68c\ub97c \uc81c\uacf5\ud558\uba70,\n\uace0\uac1d\uc774 \uc790\uc0b0\uacfc \ube44\uc988\ub2c8\uc2a4\ub97c \ud655\uc7a5\ud560 \uc218 \uc788\ub3c4\ub85d \uc9c0\uc6d0\ud569\ub2c8\ub2e4.\n\ub610\ud55c, \ud48d\uc694\ub85c\uc6b4 \uc0ac\ud68c\uc758 \uad6c\ucd95\uc5d0 \uae30\uc5ec\ud558\uace0 \uc8fc\uc8fc \uac00\uce58\ub97c \uadf9\ub300\ud654\ud558\uae30 \uc704\ud574 \ucd5c\uc120\uc744 \ub2e4\ud558\ub294 \uae08\uc735\uae30\uad00\uc73c\ub85c\uc11c\uc758 \uc785\uc9c0\ub97c \ub2e4\uc838\uac00\uace0 \uc788\uc2b5\ub2c8\ub2e4.<\/b><\/p>\t\t\t\t\t\t\t\t<\/div>\n\t\t\t\t<\/div>\n\t\t\t\t<\/div>\n\t\t\t\t\t<\/div>\n\t\t\t\t<\/div>\n\t\t<div class=\"elementor-element elementor-element-eca4d98 e-flex e-con-boxed e-con e-parent\" data-id=\"eca4d98\" data-element_type=\"container\" data-e-type=\"container\" data-settings=\"{&quot;background_background&quot;:&quot;classic&quot;}\">\n\t\t\t\t\t<div class=\"e-con-inner\">\n\t\t<div class=\"elementor-element elementor-element-4d57a5a e-con-full e-flex e-con e-child\" data-id=\"4d57a5a\" data-element_type=\"container\" data-e-type=\"container\">\n\t\t\t\t<\/div>\n\t\t<div class=\"elementor-element elementor-element-b7f8153 e-con-full e-flex e-con e-child\" data-id=\"b7f8153\" data-element_type=\"container\" data-e-type=\"container\">\n\t\t\t\t<div class=\"elementor-element elementor-element-00d93df elementor-widget elementor-widget-heading\" data-id=\"00d93df\" data-element_type=\"widget\" data-e-type=\"widget\" data-widget_type=\"heading.default\">\n\t\t\t\t<div class=\"elementor-widget-container\">\n\t\t\t\t\t<h2 class=\"elementor-heading-title elementor-size-default\">\uc18c\ud1b5\ud574\uc694<\/h2>\t\t\t\t<\/div>\n\t\t\t\t<\/div>\n\t\t\t\t<div class=\"elementor-element elementor-element-b349ce0 elementor-widget-divider--view-line elementor-widget elementor-widget-divider\" data-id=\"b349ce0\" data-element_type=\"widget\" data-e-type=\"widget\" data-widget_type=\"divider.default\">\n\t\t\t\t<div class=\"elementor-widget-container\">\n\t\t\t\t\t\t\t<div class=\"elementor-divider\">\n\t\t\t<span class=\"elementor-divider-separator\">\n\t\t\t\t\t\t<\/span>\n\t\t<\/div>\n\t\t\t\t\t\t<\/div>\n\t\t\t\t<\/div>\n\t\t\t\t<div class=\"elementor-element elementor-element-b750574 elementor-widget elementor-widget-text-editor\" data-id=\"b750574\" data-element_type=\"widget\" data-e-type=\"widget\" data-widget_type=\"text-editor.default\">\n\t\t\t\t<div class=\"elementor-widget-container\">\n\t\t\t\t\t\t\t\t\t<p>\ub354 \ub098\uc740 \uae08\uc735 \uc11c\ube44\uc2a4\ub97c \uc704\ud574, \uace0\uac1d\ub2d8\uc758 \uc758\uacac \ud558\ub098\ud558\ub098\uc5d0 \uadc0 \uae30\uc6b8\uc774\uace0 \uc788\uc2b5\ub2c8\ub2e4. \ubd88\ud3b8\ud558\uc168\ub358 \uc810, \uac1c\uc120\uc744 \ubc14\ub77c\ub294 \uc810\uc774 \uc788\ub2e4\uba74 \uc8fc\uc800\ud558\uc9c0 \ub9d0\uace0 \ub9d0\uc500\ud574 \uc8fc\uc138\uc694.<\/p>\t\t\t\t\t\t\t\t<\/div>\n\t\t\t\t<\/div>\n\t\t\t\t<div class=\"elementor-element elementor-element-01bfc12 elementor-align-center elementor-widget elementor-widget-button\" data-id=\"01bfc12\" data-element_type=\"widget\" data-e-type=\"widget\" data-widget_type=\"button.default\">\n\t\t\t\t<div class=\"elementor-widget-container\">\n\t\t\t\t\t\t\t\t\t<div class=\"elementor-button-wrapper\">\n\t\t\t\t\t<a class=\"elementor-button elementor-button-link elementor-size-sm\" href=\"https:\/\/bancokebhana.com.br\/ko\/fale-conosco\/\">\n\t\t\t\t\t\t<span class=\"elementor-button-content-wrapper\">\n\t\t\t\t\t\t\t\t\t<span class=\"elementor-button-text\">\ubb38\uc758\ud558\uae30<\/span>\n\t\t\t\t\t<\/span>\n\t\t\t\t\t<\/a>\n\t\t\t\t<\/div>\n\t\t\t\t\t\t\t\t<\/div>\n\t\t\t\t<\/div>\n\t\t\t\t<\/div>\n\t\t<div class=\"elementor-element elementor-element-a31ee6f e-con-full e-flex e-con e-child\" data-id=\"a31ee6f\" data-element_type=\"container\" data-e-type=\"container\">\n\t\t\t\t<\/div>\n\t\t\t\t\t<\/div>\n\t\t\t\t<\/div>\n\t\t\t\t<\/div>","protected":false},"excerpt":{"rendered":"<p>O Banco O Banco KEB Hana foi o primeiro banco sul coreano a operar no Brasil Com sede na cidade de S\u00e3o Paulo, possui solu\u00e7\u00f5es financeiras para demandas tanto de empresas quanto de pessoas f\u00edsicas. Atende desde multinacionais de grande porte a empresas locais de m\u00e9dio e pequeno porte, oferecendo produtos e servi\u00e7os qualificados, gerando [&hellip;]<\/p>\n","protected":false},"author":1,"featured_media":0,"parent":0,"menu_order":0,"comment_status":"closed","ping_status":"closed","template":"elementor_header_footer","meta":{"footnotes":""},"class_list":["post-88","page","type-page","status-publish","hentry"],"_links":{"self":[{"href":"https:\/\/bancokebhana.com.br\/ko\/wp-json\/wp\/v2\/pages\/88","targetHints":{"allow":["GET"]}}],"collection":[{"href":"https:\/\/bancokebhana.com.br\/ko\/wp-json\/wp\/v2\/pages"}],"about":[{"href":"https:\/\/bancokebhana.com.br\/ko\/wp-json\/wp\/v2\/types\/page"}],"author":[{"embeddable":true,"href":"https:\/\/bancokebhana.com.br\/ko\/wp-json\/wp\/v2\/users\/1"}],"replies":[{"embeddable":true,"href":"https:\/\/bancokebhana.com.br\/ko\/wp-json\/wp\/v2\/comments?post=88"}],"version-history":[{"count":81,"href":"https:\/\/bancokebhana.com.br\/ko\/wp-json\/wp\/v2\/pages\/88\/revisions"}],"predecessor-version":[{"id":1252,"href":"https:\/\/bancokebhana.com.br\/ko\/wp-json\/wp\/v2\/pages\/88\/revisions\/1252"}],"wp:attachment":[{"href":"https:\/\/bancokebhana.com.br\/ko\/wp-json\/wp\/v2\/media?parent=88"}],"curies":[{"name":"wp","href":"https:\/\/api.w.org\/{rel}","templated":true}]}}